{"id":307930,"date":"2023-09-04T16:50:42","date_gmt":"2023-09-04T16:50:42","guid":{"rendered":"https:\/\/starsglows.com\/zwroty\/"},"modified":"2023-09-16T17:06:34","modified_gmt":"2023-09-16T17:06:34","slug":"zwroty","status":"publish","type":"page","link":"https:\/\/starsglows.com\/pl\/zwroty\/","title":{"rendered":"Zwroty"},"content":{"rendered":"<p>[et_pb_section fb_built=&#8221;1&#8243; admin_label=&#8221;Section&#8221; _builder_version=&#8221;4.22.1&#8243; _module_preset=&#8221;default&#8221; da_disable_devices=&#8221;off|off|off&#8221; global_colors_info=&#8221;{}&#8221; da_is_popup=&#8221;off&#8221; da_exit_intent=&#8221;off&#8221; da_has_close=&#8221;on&#8221; da_alt_close=&#8221;off&#8221; da_dark_close=&#8221;off&#8221; da_not_modal=&#8221;on&#8221; da_is_singular=&#8221;off&#8221; da_with_loader=&#8221;off&#8221; da_has_shadow=&#8221;on&#8221;][et_pb_row _builder_version=&#8221;4.22.1&#8243; _module_preset=&#8221;default&#8221; global_colors_info=&#8221;{}&#8221;][et_pb_column type=&#8221;4_4&#8243; _builder_version=&#8221;4.22.1&#8243; _module_preset=&#8221;default&#8221; global_colors_info=&#8221;{}&#8221;][et_pb_heading title=&#8221;Returns&#8221; _builder_version=&#8221;4.22.1&#8243; _module_preset=&#8221;default&#8221; title_font=&#8221;|700|||||||&#8221; global_colors_info=&#8221;{}&#8221;][\/et_pb_heading][et_pb_text _builder_version=&#8221;4.22.1&#8243; _module_preset=&#8221;default&#8221; text_font_size=&#8221;18px&#8221; global_colors_info=&#8221;{}&#8221;]<\/p>\n<p>Chcesz zwr\u00f3ci\u0107 produkt? \u017baden problem!<\/p>\n<p>[\/et_pb_text][et_pb_text _builder_version=&#8221;4.22.1&#8243; _module_preset=&#8221;default&#8221; global_colors_info=&#8221;{}&#8221;]<\/p>\n<div class=\"_59\">\n<div class=\"_5a\">\n<p>W ci\u0105gu 14 dni od otrzymania zam\u00f3wienia u\u017cytkownik mo\u017ce skorzysta\u0107 z prawa do odst\u0105pienia od umowy zakupu i zwrotu produkt\u00f3w bez podania przyczyny.<\/p>\n<\/div>\n<\/div>\n<section class=\"_5c\">\n<div class=\"_5a\"><\/div>\n<\/section>\n<p>[\/et_pb_text][et_pb_heading title=&#8221;How to do it?&#8221; admin_label=&#8221;Heading&#8221; _builder_version=&#8221;4.22.1&#8243; _module_preset=&#8221;default&#8221; title_font=&#8221;|700|||||||&#8221; title_font_size=&#8221;18px&#8221; custom_margin=&#8221;||||false|false&#8221; global_colors_info=&#8221;{}&#8221;][\/et_pb_heading][et_pb_text admin_label=&#8221;Text&#8221; _builder_version=&#8221;4.22.1&#8243; _module_preset=&#8221;default&#8221; global_colors_info=&#8221;{}&#8221;]<\/p>\n<p><span>Jak odst\u0105pi\u0107 od umowy<\/span>:<\/p>\n<p>[\/et_pb_text][et_pb_text _builder_version=&#8221;4.22.1&#8243; _module_preset=&#8221;default&#8221; hover_enabled=&#8221;0&#8243; global_colors_info=&#8221;{}&#8221; sticky_enabled=&#8221;0&#8243;]<\/p>\n<h4 class=\"_5h\"><strong>KROK 1<\/strong><\/h4>\n<p class=\"_5i\">Wype\u0142nij formularz<\/p>\n<p><a href=\"https:\/\/www.healthlabs.care\/en_return-form-health-labs-care.pdf\">https:\/\/www.healthlabs.care\/en_return-form-health-labs-care.pdf<\/a><\/p>\n<h4><strong>KROK 2<\/strong><\/h4>\n<p>Wy\u015blij nam formularz<\/p>\n<p><span>Wy\u015blij do nas wype\u0142niony i podpisany formularz:<\/span><\/p>\n<p><strong>poczt\u0105 elektroniczn\u0105<\/strong> na nast\u0119puj\u0105cy adres:<\/p>\n<p><span><a href=\"mailto:starmaker@starsglows.com\">starmaker@starsglows.com<\/a><\/span><\/p>\n<p><span><strong>poczt\u0105<\/strong> i umie\u015bci\u0107 wydrukowany i wype\u0142niony formularz w pude\u0142ku wysy\u0142kowym<\/span><\/p>\n<h4><strong>KROK 3<\/strong><\/h4>\n<p class=\"_5i\">Zwrot produkt\u00f3w<\/p>\n<p>Zam\u00f3wione produkty nale\u017cy odes\u0142a\u0107 na poni\u017cszy adres:<\/p>\n<p>Rzesz\u00f3w, Podkarpackie<\/p>\n<p>Eco Glow<\/p>\n<p>ul. Krynicka 5\/13<\/p>\n<p>35-505 Rzesz\u00f3w<\/p>\n<p>Polska<\/p>\n<p>[\/et_pb_text][et_pb_heading title=&#8221;When will I receive my refund?&#8221; _builder_version=&#8221;4.22.1&#8243; _module_preset=&#8221;default&#8221; title_font=&#8221;|700|||||||&#8221; title_font_size=&#8221;18px&#8221; global_colors_info=&#8221;{}&#8221;][\/et_pb_heading][et_pb_text _builder_version=&#8221;4.22.1&#8243; _module_preset=&#8221;default&#8221; global_colors_info=&#8221;{}&#8221;]<\/p>\n<section class=\"_5c\">\n<div class=\"_5a\">\n<p>Zwrot koszt\u00f3w nast\u0105pi nie p\u00f3\u017aniej ni\u017c 14 dni po otrzymaniu i pozytywnym zweryfikowaniu zwrotu.<\/p>\n<\/div>\n<\/section>\n<section class=\"_5c\">\n<div class=\"_5a\"><\/div>\n<\/section>\n<p>[\/et_pb_text][et_pb_heading title=&#8221;How will I receive my refund?&#8221; admin_label=&#8221;Heading&#8221; _builder_version=&#8221;4.22.1&#8243; _module_preset=&#8221;default&#8221; title_font=&#8221;|700|||||||&#8221; title_font_size=&#8221;18px&#8221; global_colors_info=&#8221;{}&#8221;][\/et_pb_heading][et_pb_text _builder_version=&#8221;4.22.1&#8243; _module_preset=&#8221;default&#8221; global_colors_info=&#8221;{}&#8221;]<\/p>\n<p>Zwrot koszt\u00f3w zostanie dokonany przy u\u017cyciu tej samej metody p\u0142atno\u015bci, kt\u00f3ra zosta\u0142a u\u017cyta do pierwotnego zakupu lub innej metody wskazanej w formularzu zwrotu.<\/p>\n<p>Je\u015bli zap\u0142aci\u0142e\u015b kurierowi przy odbiorze, otrzymasz zwrot pieni\u0119dzy na numer konta podany w formularzu zwrotu.<\/p>\n<p>[\/et_pb_text][et_pb_text _builder_version=&#8221;4.22.1&#8243; _module_preset=&#8221;default&#8221; global_colors_info=&#8221;{}&#8221;]<\/p>\n<h3 class=\"_5d\"><strong>Wa\u017cne!<\/strong><\/h3>\n<ul class=\"_5l\">\n<li>zwrot obejmuje warto\u015b\u0107 zwr\u00f3conych produkt\u00f3w i koszt wysy\u0142ki w oparciu o najta\u0144sz\u0105 dost\u0119pn\u0105 opcj\u0119<\/li>\n<li>u\u017cytkownik p\u0142aci za przesy\u0142k\u0119 zwrotn\u0105 &#8211; nie jeste\u015bmy w stanie przyj\u0105\u0107 paczek wys\u0142anych za pobraniem<\/li>\n<li>Mo\u017cesz zwr\u00f3ci\u0107 tylko nieotwarte produkty<\/li>\n<\/ul>\n<p>[\/et_pb_text][\/et_pb_column][\/et_pb_row][\/et_pb_section]<\/p>\n","protected":false},"excerpt":{"rendered":"<p>Chcesz zwr\u00f3ci\u0107 produkt? \u017baden problem! W ci\u0105gu 14 dni od otrzymania zam\u00f3wienia u\u017cytkownik mo\u017ce skorzysta\u0107 z prawa do odst\u0105pienia od umowy zakupu i zwrotu produkt\u00f3w bez podania przyczyny. Jak odst\u0105pi\u0107 od umowy:KROK 1 Wype\u0142nij formularz https:\/\/www.healthlabs.care\/en_return-form-health-labs-care.pdf KROK 2 Wy\u015blij nam formularz Wy\u015blij do nas wype\u0142niony i podpisany formularz: poczt\u0105 elektroniczn\u0105 na nast\u0119puj\u0105cy adres: starmaker@starsglows.com poczt\u0105 [&hellip;]<\/p>\n","protected":false},"author":1,"featured_media":0,"parent":0,"menu_order":0,"comment_status":"closed","ping_status":"closed","template":"","meta":{"_et_pb_use_builder":"on","_et_pb_old_content":"","_et_gb_content_width":"","footnotes":""},"class_list":["post-307930","page","type-page","status-publish","hentry"],"_links":{"self":[{"href":"https:\/\/starsglows.com\/pl\/wp-json\/wp\/v2\/pages\/307930","targetHints":{"allow":["GET"]}}],"collection":[{"href":"https:\/\/starsglows.com\/pl\/wp-json\/wp\/v2\/pages"}],"about":[{"href":"https:\/\/starsglows.com\/pl\/wp-json\/wp\/v2\/types\/page"}],"author":[{"embeddable":true,"href":"https:\/\/starsglows.com\/pl\/wp-json\/wp\/v2\/users\/1"}],"replies":[{"embeddable":true,"href":"https:\/\/starsglows.com\/pl\/wp-json\/wp\/v2\/comments?post=307930"}],"version-history":[{"count":0,"href":"https:\/\/starsglows.com\/pl\/wp-json\/wp\/v2\/pages\/307930\/revisions"}],"wp:attachment":[{"href":"https:\/\/starsglows.com\/pl\/wp-json\/wp\/v2\/media?parent=307930"}],"curies":[{"name":"wp","href":"https:\/\/api.w.org\/{rel}","templated":true}]}}