{"id":307926,"date":"2023-09-04T16:49:39","date_gmt":"2023-09-04T16:49:39","guid":{"rendered":"https:\/\/starsglows.com\/metody-dostawy\/"},"modified":"2023-09-16T17:06:34","modified_gmt":"2023-09-16T17:06:34","slug":"metody-dostawy","status":"publish","type":"page","link":"https:\/\/starsglows.com\/pl\/metody-dostawy\/","title":{"rendered":"Metody dostawy"},"content":{"rendered":"<p>[et_pb_section fb_built=&#8221;1&#8243; admin_label=&#8221;Section&#8221; _builder_version=&#8221;4.22.1&#8243; _module_preset=&#8221;default&#8221; da_disable_devices=&#8221;off|off|off&#8221; global_colors_info=&#8221;{}&#8221; da_is_popup=&#8221;off&#8221; da_exit_intent=&#8221;off&#8221; da_has_close=&#8221;on&#8221; da_alt_close=&#8221;off&#8221; da_dark_close=&#8221;off&#8221; da_not_modal=&#8221;on&#8221; da_is_singular=&#8221;off&#8221; da_with_loader=&#8221;off&#8221; da_has_shadow=&#8221;on&#8221;][et_pb_row _builder_version=&#8221;4.22.1&#8243; _module_preset=&#8221;default&#8221; global_colors_info=&#8221;{}&#8221;][et_pb_column type=&#8221;4_4&#8243; _builder_version=&#8221;4.22.1&#8243; _module_preset=&#8221;default&#8221; global_colors_info=&#8221;{}&#8221;][et_pb_heading title=&#8221;Delivery methods&#8221; _builder_version=&#8221;4.22.1&#8243; _module_preset=&#8221;default&#8221; title_font=&#8221;|700|||||||&#8221; global_colors_info=&#8221;{}&#8221;][\/et_pb_heading][et_pb_text _builder_version=&#8221;4.22.1&#8243; _module_preset=&#8221;default&#8221; text_font_size=&#8221;18px&#8221; header_font_size=&#8221;18px&#8221; global_colors_info=&#8221;{}&#8221;]<\/p>\n<div class=\"_60\">\n<div class=\"_61\">\n<p>Dowiedz si\u0119, jak wysy\u0142amy<\/p>\n<\/div>\n<\/div>\n<section class=\"_63\">\n<p class=\"_60\">\n<\/section>\n<p>[\/et_pb_text][et_pb_heading title=&#8221;Our delivery partners&#8221; _builder_version=&#8221;4.22.1&#8243; _module_preset=&#8221;default&#8221; title_font=&#8221;|700|||||||&#8221; title_font_size=&#8221;18px&#8221; global_colors_info=&#8221;{}&#8221;][\/et_pb_heading][et_pb_text _builder_version=&#8221;4.22.1&#8243; _module_preset=&#8221;default&#8221; global_colors_info=&#8221;{}&#8221;]<\/p>\n<ul>\n<li>InPost<\/li>\n<li>DHL<\/li>\n<\/ul>\n<p>[\/et_pb_text][et_pb_text _builder_version=&#8221;4.22.1&#8243; _module_preset=&#8221;default&#8221; hover_enabled=&#8221;0&#8243; global_colors_info=&#8221;{}&#8221; sticky_enabled=&#8221;0&#8243;]<\/p>\n<h3 class=\"oc\"><b>Przesy\u0142ki krajowe<\/b><span> <\/span>\/ za pobraniem<\/h3>\n<table border=\"1\" style=\"border-collapse: collapse; width: 100%;\">\n<tbody>\n<tr>\n<td style=\"width: 33.3333%;\"><strong>Metoda wysy\u0142ki<\/strong><\/td>\n<td style=\"width: 33.3333%;\"><strong>Koszt wysy\u0142ki dla zam\u00f3wie\u0144<\/strong><\/td>\n<td style=\"width: 33.3333%;\"><strong>Czas wysy\u0142ki<\/strong><\/td>\n<\/tr>\n<tr>\n<td style=\"width: 33.3333%;\"><span>Paczkomaty InPost<\/span><\/td>\n<td style=\"width: 33.3333%;\"><span>18 PLN<\/span><\/td>\n<td style=\"width: 33.3333%;\">1-2 dni<\/td>\n<\/tr>\n<tr>\n<td style=\"width: 33.3333%;\"><span>Punkty DHL POP i schowki na paczki<\/span><\/td>\n<td style=\"width: 33.3333%;\"><span>16 PLN<\/span><\/td>\n<td style=\"width: 33.3333%;\"><span>1-3 dni<\/span><\/td>\n<\/tr>\n<tr>\n<td style=\"width: 33.3333%;\"><span>Kurier DHL<\/span><\/td>\n<td style=\"width: 33.3333%;\"><span>18 PLN<\/span><\/td>\n<td style=\"width: 33.3333%;\">\n<section class=\"ob\">\n<table class=\"od\" aria-describedby=\"overpayment\">\n<tbody class=\"oh\">\n<tr>\n<td><span>1-3 dni<\/span><\/td>\n<\/tr>\n<\/tbody>\n<\/table>\n<\/section>\n<section class=\"ob\"><\/section>\n<\/td>\n<\/tr>\n<\/tbody>\n<\/table>\n<p>[\/et_pb_text][et_pb_text _builder_version=&#8221;4.22.1&#8243; _module_preset=&#8221;default&#8221; global_colors_info=&#8221;{}&#8221;]<\/p>\n<h3 class=\"oc\"><b>Przesy\u0142ki krajowe<\/b><span> <\/span>\/ przedp\u0142ata<\/h3>\n<table border=\"1\" style=\"border-collapse: collapse; width: 100%;\">\n<tbody>\n<tr>\n<td style=\"width: 33.3333%;\"><strong>Metoda wysy\u0142ki<\/strong><\/td>\n<td style=\"width: 33.3333%;\"><strong>Koszt wysy\u0142ki dla zam\u00f3wie\u0144<\/strong><\/td>\n<td style=\"width: 33.3333%;\"><strong>Czas wysy\u0142ki<\/strong><\/td>\n<\/tr>\n<tr>\n<td style=\"width: 33.3333%;\"><span>Paczkomaty InPost<\/span><\/td>\n<td style=\"width: 33.3333%;\"><span>18 PLN<\/span><\/td>\n<td style=\"width: 33.3333%;\">1-2 dni<\/td>\n<\/tr>\n<tr>\n<td style=\"width: 33.3333%;\"><span>Punkty DHL POP i schowki na paczki<\/span><\/td>\n<td style=\"width: 33.3333%;\"><span>16 PLN<\/span><\/td>\n<td style=\"width: 33.3333%;\"><span>1-3 dni<\/span><\/td>\n<\/tr>\n<tr>\n<td style=\"width: 33.3333%;\"><span>Kurier DHL<\/span><\/td>\n<td style=\"width: 33.3333%;\"><span>18 PLN<\/span><\/td>\n<td style=\"width: 33.3333%;\">\n<section class=\"ob\">\n<table class=\"od\" aria-describedby=\"overpayment\">\n<tbody class=\"oh\">\n<tr>\n<td><span>1-3 dni<\/span><\/td>\n<\/tr>\n<\/tbody>\n<\/table>\n<\/section>\n<section class=\"ob\"><\/section>\n<\/td>\n<\/tr>\n<\/tbody>\n<\/table>\n<p>[\/et_pb_text][et_pb_text _builder_version=&#8221;4.22.1&#8243; _module_preset=&#8221;default&#8221; hover_enabled=&#8221;0&#8243; global_colors_info=&#8221;{}&#8221; sticky_enabled=&#8221;0&#8243;]<\/p>\n<h3 class=\"oc\"><b>Mi\u0119dzynarodowy<\/b><span> \/ Przedp\u0142ata<\/span><\/h3>\n<table border=\"1\" style=\"border-collapse: collapse; width: 100%;\">\n<tbody>\n<tr class=\"of nv\">\n<th scope=\"colgroup\" style=\"width: 33.3333%;\"><span>Metoda wysy\u0142ki<\/span><\/th>\n<th scope=\"colgroup\" style=\"width: 33.3333%;\"><span>Koszt wysy\u0142ki<\/span><\/th>\n<th scope=\"colgroup\" style=\"width: 33.3333%;\"><span>Czas wysy\u0142ki<\/span><small>(dni robocze)<\/small><\/th>\n<\/tr>\n<tr>\n<td style=\"width: 33.3333%;\"><span>Kurier DHL (za pobraniem)<\/span><\/td>\n<td style=\"width: 33.3333%;\"><span>20 PLN<\/span><\/td>\n<td style=\"width: 33.3333%;\">1-3 dni<\/td>\n<\/tr>\n<\/tbody>\n<\/table>\n<p>[\/et_pb_text][\/et_pb_column][\/et_pb_row][\/et_pb_section]<\/p>\n","protected":false},"excerpt":{"rendered":"<p>Dowiedz si\u0119, jak wysy\u0142amy InPost DHL Przesy\u0142ki krajowe \/ za pobraniem Metoda wysy\u0142ki Koszt wysy\u0142ki dla zam\u00f3wie\u0144 Czas wysy\u0142ki Paczkomaty InPost 18 PLN 1-2 dni Punkty DHL POP i schowki na paczki 16 PLN 1-3 dni Kurier DHL 18 PLN 1-3 dni Przesy\u0142ki krajowe \/ przedp\u0142ata Metoda wysy\u0142ki Koszt wysy\u0142ki dla zam\u00f3wie\u0144 Czas wysy\u0142ki Paczkomaty [&hellip;]<\/p>\n","protected":false},"author":1,"featured_media":0,"parent":0,"menu_order":0,"comment_status":"closed","ping_status":"closed","template":"","meta":{"_et_pb_use_builder":"on","_et_pb_old_content":"","_et_gb_content_width":"","footnotes":""},"class_list":["post-307926","page","type-page","status-publish","hentry"],"_links":{"self":[{"href":"https:\/\/starsglows.com\/pl\/wp-json\/wp\/v2\/pages\/307926","targetHints":{"allow":["GET"]}}],"collection":[{"href":"https:\/\/starsglows.com\/pl\/wp-json\/wp\/v2\/pages"}],"about":[{"href":"https:\/\/starsglows.com\/pl\/wp-json\/wp\/v2\/types\/page"}],"author":[{"embeddable":true,"href":"https:\/\/starsglows.com\/pl\/wp-json\/wp\/v2\/users\/1"}],"replies":[{"embeddable":true,"href":"https:\/\/starsglows.com\/pl\/wp-json\/wp\/v2\/comments?post=307926"}],"version-history":[{"count":0,"href":"https:\/\/starsglows.com\/pl\/wp-json\/wp\/v2\/pages\/307926\/revisions"}],"wp:attachment":[{"href":"https:\/\/starsglows.com\/pl\/wp-json\/wp\/v2\/media?parent=307926"}],"curies":[{"name":"wp","href":"https:\/\/api.w.org\/{rel}","templated":true}]}}