{"id":307922,"date":"2023-09-04T16:48:14","date_gmt":"2023-09-04T16:48:14","guid":{"rendered":"https:\/\/starsglows.com\/polityka-prywatnosci-2\/"},"modified":"2023-09-16T17:06:34","modified_gmt":"2023-09-16T17:06:34","slug":"polityka-prywatnosci-2","status":"publish","type":"page","link":"https:\/\/starsglows.com\/pl\/polityka-prywatnosci-2\/","title":{"rendered":"Polityka prywatno\u015bci"},"content":{"rendered":"<p>[et_pb_section fb_built=&#8221;1&#8243; _builder_version=&#8221;4.22.1&#8243; _module_preset=&#8221;default&#8221; da_disable_devices=&#8221;off|off|off&#8221; global_colors_info=&#8221;{}&#8221; da_is_popup=&#8221;off&#8221; da_exit_intent=&#8221;off&#8221; da_has_close=&#8221;on&#8221; da_alt_close=&#8221;off&#8221; da_dark_close=&#8221;off&#8221; da_not_modal=&#8221;on&#8221; da_is_singular=&#8221;off&#8221; da_with_loader=&#8221;off&#8221; da_has_shadow=&#8221;on&#8221;][et_pb_row _builder_version=&#8221;4.22.1&#8243; _module_preset=&#8221;default&#8221; global_colors_info=&#8221;{}&#8221;][et_pb_column type=&#8221;4_4&#8243; _builder_version=&#8221;4.22.1&#8243; _module_preset=&#8221;default&#8221; global_colors_info=&#8221;{}&#8221;][et_pb_text _builder_version=&#8221;4.22.1&#8243; _module_preset=&#8221;default&#8221; global_colors_info=&#8221;{}&#8221;]<\/p>\n<section id=\"h0\" class=\"ti sw\">\n<h2 class=\"tj sx\">Polityka prywatno\u015bci obowi\u0105zuj\u0105ca od 1 wrze\u015bnia 2022 r.<\/h2>\n<\/section>\n<section id=\"h1\" class=\"ti\">\n<h2 class=\"tj\">\u00a7 1. POSTANOWIENIA OG\u00d3LNE<\/h2>\n<div class=\"_1ai tk\">\n<p>1. Administrator i w\u0142a\u015bciciel <span style=\"font-size: 14px;\"><br \/>\n  <a href=\"https:\/\/starsglows.com\/pl\/\">starsglows.com<\/a><br \/>\n<\/span><span style=\"font-size: 14px;\"> jest <\/span> <span style=\"font-size: 14px;\">Eco Glow sp. z o. o. z siedzib\u0105 w Rzeszowie, ul. Krynicka 5\/13, 35-505 Rzesz\u00f3w, wpisana do rejestru przedsi\u0119biorc\u00f3w Krajowego Rejestru S\u0105dowego przez S\u0105d Rejonowy w Rzeszowie, pod numerem KRS <span>0000903115<\/span>, o kapitale zak\u0142adowym w wysoko\u015bci 5000 z\u0142, kt\u00f3ry zosta\u0142 op\u0142acony w ca\u0142o\u015bci, NIP <span>8133861219,<\/span> REGON <span>389024520<\/span>.<\/span><\/p>\n<p>2. Niniejsza polityka prywatno\u015bci zawiera informacje na temat przetwarzania danych osobowych, kt\u00f3re u\u017cytkownik mo\u017ce nam przekaza\u0107 podczas odwiedzania Sklepu internetowego lub za pomoc\u0105 plik\u00f3w cookie ze Sklepu internetowego.<\/p>\n<p>3. Niniejsza polityka prywatno\u015bci ma charakter informacyjny, co oznacza \u017ce nie jest ona \u017ar\u00f3d\u0142em obowi\u0105zk\u00f3w dla Klient\u00f3w Sklepu Internetowego oraz Klient\u00f3w Aplikacji (nie jest umow\u0105 ani regulaminem).<\/p>\n<p>4. U\u017cyte w niniejszej Polityce Prywatno\u015bci terminy, wyra\u017cenia i skr\u00f3ty pisane wielk\u0105 liter\u0105 (np. Sprzedawca, Formularz Zam\u00f3wienia, Newsletter, Us\u0142uga Elektroniczna) nale\u017cy rozumie\u0107 zgodnie z ich definicjami zawartymi w Regulaminie Sklepu Internetowego dost\u0119pnym na stronie Sklepu Internetowego.<\/p>\n<p>5. Szczeg\u00f3\u0142owe informacje dotycz\u0105ce przetwarzania okre\u015blonych danych osobowych s\u0105 przekazywane za ka\u017cdym razem, gdy s\u0105 one uzyskiwane, w formie noty informacyjnej umieszczonej w widocznym i \u0142atwo dost\u0119pnym miejscu. Dotyczy to w szczeg\u00f3lno\u015bci informacji o celu i podstawie prawnej przetwarzania danych osobowych, okresie ich przechowywania oraz odbiorcach, kt\u00f3rym s\u0105 one przekazywane.<\/p>\n<p>6. Administrator podejmuje wszelkie niezb\u0119dne dzia\u0142ania, by wsp\u00f3\u0142pracownicy, podwykonawcy i inne podmioty wsp\u00f3\u0142pracuj\u0105ce dawa\u0142y gwarancj\u0119 stosowania odpowiednich \u015brodk\u00f3w bezpiecze\u0144stwa w ka\u017cdym przypadku, gdy przetwarzaj\u0105 dane osobowe na zlecenie Administratora. Administrator przeprowadza bie\u017c\u0105c\u0105 analiz\u0119 ryzyka w celu zapewnienia, \u017ce przetwarzane dane osobowe s\u0105 przetwarzane w spos\u00f3b bezpieczny &#8211; g\u0142\u00f3wnie poprzez zapewnienie, \u017ce dost\u0119p do danych maj\u0105 wy\u0142\u0105cznie osoby upowa\u017cnione i wy\u0142\u0105cznie na zasadzie ograniczonego dost\u0119pu.<\/p>\n<p>&nbsp;<\/p>\n<\/div>\n<\/section>\n<section id=\"h2\" class=\"ti\">\n<h2 class=\"tj\">\u00a7 2 ADMINISTRATOR DANYCH OSOBOWYCH I DANE UMOWNE<\/h2>\n<div class=\"_1ai tk\">\n<p>1. Administrator danych zebranych za po\u015brednictwem:<\/p>\n<p>a) Sklepu Internetowego (w tym z wykorzystaniem plik\u00f3w cookies lub podobnych technologii) pozyskane na podstawie aktywno\u015bci Klienta w Internecie,<\/p>\n<p>b) inne kana\u0142y komunikacji z Klientem, np. call center;<\/p>\n<p>to Eco Glow sp. z o. o. z siedzib\u0105 w Rzeszowie, ul. Krynicka 5\/13, 35-505 Rzesz\u00f3w, wpisana do rejestru przedsi\u0119biorc\u00f3w Krajowego Rejestru S\u0105dowego przez S\u0105d Rejonowy w Rzeszowie, pod numerem KRS 0000903115, o kapitale zak\u0142adowym w wysoko\u015bci 5000 z\u0142, kt\u00f3ry zosta\u0142 op\u0142acony w ca\u0142o\u015bci, NIP 8133861219, REGON 389024520.<\/p>\n<p>2. We wszystkich sprawach zwi\u0105zanych z ochron\u0105 danych osobowych mo\u017cna si\u0119 z nami kontaktowa\u0107:<\/p>\n<p>a) poczt\u0105 tradycyjn\u0105 na adres: ul.  <span style=\"font-size: 14px;\">Krynicka 5\/13, 35-505 Rzesz\u00f3w, Polska.<\/span><\/p>\n<p>b) poczt\u0105 elektroniczn\u0105: <span><\/span><span><br \/>\n  <a href=\"mailto:starmaker@starsglows.com\">starmaker@starsglows.com<\/a><br \/>\n<\/span><\/p>\n<p>c) telefonicznie: 48 663200043 (pon.-pt. w godz. 8:00-16:00) (mog\u0105 obowi\u0105zywa\u0107 standardowe op\u0142aty za po\u0142\u0105czenie zgodnie z przewodnikiem taryfowym dostawcy us\u0142ug).<\/p>\n<p>3. Je\u015bli:<\/p>\n<p>a) wyra\u017cenia ch\u0119ci zawarcia umowy z Administratorem w jakiejkolwiek sprawie zwi\u0105zanej z ochron\u0105 danych osobowych,<\/p>\n<p>b) chcesz skorzysta\u0107 ze swoich praw dotycz\u0105cych danych przetwarzanych przez Administratora jako ich administratora, mo\u017cesz napisa\u0107 do nas za po\u015brednictwem poczty elektronicznej lub tradycyjnej, korzystaj\u0105c z danych kontaktowych wskazanych powy\u017cej.<\/p>\n<p>&nbsp;<\/p>\n<\/div>\n<\/section>\n<section id=\"h3\" class=\"ti\">\n<h2 class=\"tj\">\u00a7 3. JAKIE DANE OSOBOWE S\u0104 PRZETWARZANE PRZEZ ADMINISTRATORA<\/h2>\n<div class=\"_1ai tk\">\n<p>1. Dane osobowe &#8211; oznaczaj\u0105 wszelkie informacje dotycz\u0105ce zidentyfikowanej lub mo\u017cliwej do zidentyfikowania osoby fizycznej. Mo\u017cliwa do zidentyfikowania osoba fizyczna to osoba, kt\u00f3r\u0105 mo\u017cna bezpo\u015brednio lub po\u015brednio zidentyfikowa\u0107, w szczeg\u00f3lno\u015bci na podstawie identyfikatora takiego jak imi\u0119 i nazwisko, numer identyfikacyjny, dane o lokalizacji, identyfikator internetowy lub jeden b\u0105d\u017a kilka szczeg\u00f3lnych czynnik\u00f3w okre\u015blaj\u0105cych fizyczn\u0105, fizjologiczn\u0105, genetyczn\u0105, psychiczn\u0105, ekonomiczn\u0105, kulturow\u0105 lub spo\u0142eczn\u0105 to\u017csamo\u015b\u0107 osoby fizycznej. Obejmuj\u0105 one nast\u0119puj\u0105ce informacje: Adres IP, tytu\u0142, imi\u0119 i nazwisko, adres, adres e-mail, numer telefonu.<\/p>\n<p>2. Przetwarzamy dane osobowe:<\/p>\n<p>a) U\u017cytkownicy Sklepu Internetowego, w tym posiadacze Konta,<\/p>\n<p>b) Klienci,<\/p>\n<p>c) Wykonawcy,<\/p>\n<p>d) Subskrybenci newslettera,<\/p>\n<p>e) osoby, kt\u00f3re wyrazi\u0142y zgod\u0119 na komunikacj\u0119 marketingow\u0105,<\/p>\n<p>f) osobom kontaktuj\u0105cym si\u0119, ale tak\u017ce osobom, kt\u00f3re przekaza\u0142y Administratorowi swoje Dane Osobowe za po\u015brednictwem innych kana\u0142\u00f3w komunikacji, np. za po\u015brednictwem strony internetowej<span> <\/span><a href=\"https:\/\/www.instagram.com\/\" target=\"_blank\" rel=\"noopener noreferrer\">https:\/\/www.instagram.com\/<\/a><span> <\/span>oraz<span> <\/span><a href=\"https:\/\/www.facebook.com\/\" target=\"_blank\" rel=\"noopener noreferrer\">https:\/\/www.facebook.com<\/a> (w tym aplikacji mobilnych), kt\u00f3rych zasady dzia\u0142ania oparte s\u0105 na regulaminie dost\u0119pnym w szczeg\u00f3lno\u015bci pod adresem https:\/\/www.facebook.com\/legal\/terms, \u015bwiadczonych odpowiednio przez Facebook Inc. lub Facebook Ireland Limited (dalej r\u00f3wnie\u017c jako &#8222;Serwis Facebook&#8221;). Zasady Ochrony i Wykorzystywania Danych Osobowych Serwisu Facebook i Instagram s\u0105 dost\u0119pne pod adresem: https:\/\/www.facebook.com\/policy.php. Administrator nie ma wp\u0142ywu na tre\u015b\u0107 przepis\u00f3w prawnych Serwisu Facebook, w tym dotycz\u0105cych Danych Osobowych.<\/p>\n<p>&nbsp;<\/p>\n<\/div>\n<\/section>\n<section id=\"h4\" class=\"ti\">\n<h2 class=\"tj\">\u00a7 4. ZAKRES GROMADZENIA DANYCH, CEL, PODSTAWA PRAWNA I OKRES PRZECHOWYWANIA<\/h2>\n<div class=\"_1ai tk\">\n<p>1. Dane Osobowe przetwarzane s\u0105 przez Administratora w Serwisie Internetowym w celu u\u0142atwienia korzystania z funkcjonalno\u015bci Sklepu Internetowego, w tym w spos\u00f3b zautomatyzowany w trakcie korzystania z Serwisu Internetowego, tj. w celu:<\/p>\n<p>a) Udost\u0119pniania i wy\u015bwietlania Tre\u015bci w Sklepie Internetowym &#8211; w tym celu przetwarzamy dane osobowe w postaci: adresu IP, plik\u00f3w cookies; dane przetwarzamy na podstawie art. 6 ust. 1 lit. f RODO &#8211; prawnie uzasadnionym interesem Administratora jest prowadzenie Sklepu Internetowego,<\/p>\n<p>b) \u015bwiadczenia Us\u0142ugi Konta &#8211; w tym celu przetwarzamy dane osobowe w postaci: adresu e-mail, has\u0142a, adresu IP, plik\u00f3w cookies, imienia i nazwiska; dane przetwarzamy zgodnie z art. 6 ust. 1 lit. b) RODO; Dane zbierane w tym celu przetwarzane s\u0105 przez okres \u015bwiadczenia Us\u0142ugi Konta. 6 ust. 1 lit. b RODO; Dane zebrane w tym celu b\u0119d\u0105 przetwarzane nie d\u0142u\u017cej ni\u017c przez okres \u015bwiadczenia Us\u0142ugi Konta,<\/p>\n<p>c) Realizacji Umowy za po\u015brednictwem Sklepu Internetowego &#8211; w tym celu przetwarzamy dane osobowe w postaci: adresu IP, plik\u00f3w cookies, adresu e-mail, imienia i nazwiska, danych adresowych (ulica, numer domu, miejscowo\u015b\u0107 wraz z kodem pocztowym, kraj), danych do faktury, danych do p\u0142atno\u015bci, numeru telefonu kontaktowego, numeru zam\u00f3wienia lub innych danych podanych przez Us\u0142ugodawc\u0119 na Stronie Internetowej lub podczas kontaktu z Klientem; dane osobowe przetwarzamy zgodnie z Art. 6 (1) (b) RODO; Dane zebrane w tym celu b\u0119d\u0105 przetwarzane nie d\u0142u\u017cej ni\u017c przez okres 6 lat.<\/p>\n<p>d) Wykonania obowi\u0105zk\u00f3w Administratora jako Sprzedawcy i Us\u0142ugodawcy &#8211; w tym celu przetwarzamy: imi\u0119 i nazwisko, dane zam\u00f3wienia, dane do p\u0142atno\u015bci, e-mail, telefon, adres &#8211; ulica, numer domu, miejscowo\u015b\u0107 i kod pocztowy, kraj, numer rachunku bankowego, dane do faktury lub dane do innego dokumentu, np. numer NIP, numer PESEL; dane przetwarzamy na podstawie art. 6 ust. 1 lit. a) RODO. 6 (1) &#8211; (b), (c) i (f) RODO, w szczeg\u00f3lno\u015bci w zakresie obowi\u0105zk\u00f3w zwi\u0105zanych z przepisami prawa podatkowego; Dane zebrane w tym celu b\u0119d\u0105 przetwarzane nie d\u0142u\u017cej ni\u017c przez okres 5 lat liczonych od ko\u0144ca roku kalendarzowego, w kt\u00f3rym up\u0142yn\u0105\u0142 termin p\u0142atno\u015bci podatk\u00f3w zwi\u0105zanych z umowami zawartymi z Administratorem.<\/p>\n<p>e) przesy\u0142ania na wskazany przez Klienta adres poczty elektronicznej zam\u00f3wionego wcze\u015bniej Newslettera, a tak\u017ce przesy\u0142ania informacji handlowych za po\u015brednictwem wskazanych kana\u0142\u00f3w komunikacji [e-mail, sms, telefon] &#8211; w tym celu przetwarzamy dane kontaktowe, adres e-mail, numer telefonu. dane zam\u00f3wienia, imi\u0119 i nazwisko, adres (ulica, numer domu, miejscowo\u015b\u0107 i kod pocztowy), adres IP, pliki cookies, dane zam\u00f3wienia oraz dane wyj\u015bciowe &#8211; dane osobowe przetwarzamy na podstawie zgody wyra\u017conej zgodnie z art. 6 ust. 1 lit. a RODO; w tym celu przetwarzamy je przez okres nie d\u0142u\u017cszy ni\u017c 5 lat. 6 (1) (a) RODO; w tym celu przetwarzamy dane przez okres nie d\u0142u\u017cszy ni\u017c 5 lat.<\/p>\n<p>f) W celach statystycznych i analitycznych, aby dostosowa\u0107 stron\u0119 internetow\u0105 do Twoich preferencji &#8211; na podstawie zgody zgodnie z art. 6 ust. 1 lit. a RODO &#8211; przetwarzamy dane osobowe w tych celach za pomoc\u0105 narz\u0119dzi i plik\u00f3w cookies opisanych w niniejszej Polityce Prywatno\u015bci na podstawie Twojej zgody w tym zakresie zgodnie z art. 6 ust. 1 lit. a RODO; Dane w tych celach b\u0119d\u0105 przetwarzane nie d\u0142u\u017cej ni\u017c 12 miesi\u0119cy.<\/p>\n<p>g) Realizacja prawnie uzasadnionego interesu Administratora Danych Osobowych zgodnie z art. 6 ust. 1 lit. a) RODO. 6 (1) (f) RODO, tj:<\/p>\n<p>&#8211; w celu realizacji obowi\u0105zk\u00f3w reklamacyjnych Sklepu Internetowego, rozpatrywania reklamacji dotycz\u0105cych Produkt\u00f3w,<\/p>\n<p>&#8211; prowadzenia i obs\u0142ugi Sklepu Internetowego oraz zapewnienia bezpiecze\u0144stwa korzystania z niego, w tym wykrywania nadu\u017cy\u0107, a tak\u017ce dokonywania analiz, statystyk, ankiet, badania satysfakcji,<\/p>\n<p>&#8211; w celu przygotowywania i prezentowania reklam, ofert i informacji dostosowanych do zainteresowa\u0144 i potrzeb os\u00f3b, kt\u00f3rych dane dotycz\u0105, a w szczeg\u00f3lno\u015bci w celu przesy\u0142ania przez Administratora na podany przez Klienta adres poczty elektronicznej zam\u00f3wionego wcze\u015bniej Newslettera;<\/p>\n<p>&#8211; ustalenie, obrona i dochodzenie roszcze\u0144, archiwizacja danych.<\/p>\n<p>Dane zebrane w tym celu b\u0119d\u0105 przetwarzane nie d\u0142u\u017cej ni\u017c przez okres 6 lat.<\/p>\n<p>2. Aktywno\u015b\u0107 U\u017cytkownika w Sklepie Internetowym, w tym jego dane osobowe, s\u0105 rejestrowane w logach systemowych (chronologicznych elektronicznych zbiorach danych zawieraj\u0105cych informacje o zdarzeniach i dzia\u0142aniach dotycz\u0105cych Sklepu Internetowego wykorzystywanych w celu \u015bwiadczenia Us\u0142ug Elektronicznych przez Administratora). Informacje zarejestrowane w dziennikach s\u0105 przetwarzane w celach wynikaj\u0105cych z prawnie uzasadnionego interesu Administratora (art. 6 ust. 1 lit. a) RODO). 6 ust. 1 lit. f RODO) przez okres do 12 miesi\u0119cy g\u0142\u00f3wnie w celach zwi\u0105zanych z funkcjonowaniem Sklepu Internetowego i s\u0105 przetwarzane w celach konserwacyjnych, technicznych, analitycznych i statystycznych, a tak\u017ce w celach zwi\u0105zanych z konieczno\u015bci\u0105 zapewnienia bezpiecze\u0144stwa funkcjonowania systemu informatycznego i zarz\u0105dzania nim.<\/p>\n<p>3. W pozosta\u0142ym zakresie, uzasadnionym celami przetwarzania, dane osobowe b\u0119d\u0105 przechowywane tak d\u0142ugo, jak d\u0142ugo b\u0119dzie istnia\u0142a podstawa prawna do ich przetwarzania, chyba \u017ce obowi\u0105zuj\u0105ce przepisy prawa b\u0119d\u0105 wymaga\u0142y d\u0142u\u017cszego okresu przechowywania, np. w celu ich wykorzystania w post\u0119powaniu s\u0105dowym, kt\u00f3rego stron\u0105 b\u0119dzie osoba, kt\u00f3rej dane dotycz\u0105 i Administrator.<\/p>\n<p>4. Po up\u0142ywie okresu przechowywania lub w przypadku braku innej podstawy prawnej przetwarzania, dane osobowe zostan\u0105 usuni\u0119te lub zanonimizowane.<\/p>\n<p>&nbsp;<\/p>\n<\/div>\n<\/section>\n<section id=\"h5\" class=\"ti\">\n<h2 class=\"tj\">\u00a75 ODBIORCY<\/h2>\n<div class=\"_1ai tk\">\n<p>1. Dane nie s\u0105 przekazywane przez Administratora we wszystkich przypadkach i do wszystkich odbiorc\u00f3w lub kategorii odbiorc\u00f3w wskazanych w polityce prywatno\u015bci &#8211; Administrator przekazuje dane wy\u0142\u0105cznie wtedy i w takim zakresie, w jakim jest to niezb\u0119dne do zrealizowania danego celu przetwarzania danych osobowych.<\/p>\n<p>2. W zwi\u0105zku ze \u015bwiadczeniem us\u0142ug dane osobowe b\u0119d\u0105 ujawniane zewn\u0119trznym podmiotom wspieraj\u0105cym dzia\u0142alno\u015b\u0107 Administratora, a w szczeg\u00f3lno\u015bci:<\/p>\n<p>a) dostawcy odpowiedzialni za obs\u0142ug\u0119 systemu informatycznego (obs\u0142uga informatyczna zwi\u0105zana z funkcjonowaniem sklepu internetowego, hosting poczty elektronicznej, us\u0142ugi serwisowe, us\u0142ugi serwerowe),<\/p>\n<p>b) podmiotom takim jak banki i operatorzy p\u0142atno\u015bci &#8211; obs\u0142uguj\u0105cym p\u0142atno\u015bci elektroniczne i kart\u0105 p\u0142atnicz\u0105 &#8211; w przypadku Klienta, kt\u00f3ry korzysta w Serwisie Internetowym z p\u0142atno\u015bci elektronicznych lub kart\u0105 p\u0142atnicz\u0105 Administrator udost\u0119pnia zebrane dane osobowe podmiotowi obs\u0142uguj\u0105cemu powy\u017csze p\u0142atno\u015bci w Serwisie Internetowym na zlecenie Administratora w zakresie niezb\u0119dnym do obs\u0142ugi tych p\u0142atno\u015bci,<\/p>\n<p>c) agencjom marketingowym i dostawcom system\u00f3w informatycznych s\u0142u\u017c\u0105cych do wspierania dzia\u0142a\u0144 marketingowych (w zakresie zwi\u0105zanym z us\u0142ugami marketingowymi dla os\u00f3b, kt\u00f3rych dane dotycz\u0105, kt\u00f3re wyrazi\u0142y zgod\u0119 na dzia\u0142ania marketingowe Administratora),<\/p>\n<p>d) podmiotom \u015bwiadcz\u0105cym na rzecz Administratora us\u0142ugi ksi\u0119gowe, prawne lub doradcze (w szczeg\u00f3lno\u015bci firmie ksi\u0119gowej, kancelarii prawnej lub firmie windykacyjnej).<\/p>\n<p>3. Odbiorc\u0105 danych mog\u0105 by\u0107 r\u00f3wnie\u017c dostawcy wtyczek spo\u0142eczno\u015bciowych, skrypt\u00f3w lub podobnych narz\u0119dzi znajduj\u0105cych si\u0119 na stronie Serwisu i umo\u017cliwiaj\u0105cych przegl\u0105darce u\u017cytkownika Serwisu pobieranie tre\u015bci od dostawc\u00f3w ww. wtyczek oraz przekazywanie w tym celu tym dostawcom danych osobowych odwiedzaj\u0105cych, w tym r\u00f3wnie\u017c: Facebook Ireland Ltd. &#8211; Administrator wykorzystuje na stronie Sklepu Internetowego wtyczki serwis\u00f3w spo\u0142eczno\u015bciowych Facebook oraz Instagram i w zwi\u0105zku z tym zbiera dane osobowe U\u017cytkownika korzystaj\u0105cego ze Sklepu Internetowego i udost\u0119pnia je Facebook Ireland Ltd. (4 Grand Canal Square Grand Canal Harbour Dublin 2 Ireland). (4 Grand Canal Square, Grand Canal Harbour, Dublin 2 Ireland) w zakresie i w zgodzie z zasadami prywatno\u015bci dost\u0119pnymi pod adresem: https:\/\/www.facebook.com\/about\/privacy\/ (dane obejmuj\u0105 informacje o aktywno\u015bci na stronach Serwisu &#8211; w tym informacje o urz\u0105dzeniu, odwiedzanych stronach, zakupach. wy\u015bwietlanych reklamach i sposobie korzystania z us\u0142ug &#8211; niezale\u017cnie od tego, czy u\u017cytkownik sklepu internetowego posiada konto w serwisie Facebook i czy jest zalogowany w serwisie Facebook).<\/p>\n<p>4. Odbiorcami danych mog\u0105 by\u0107 tak\u017ce organy w\u0142adzy publicznej lub podmioty wykonuj\u0105ce zadania publiczne, np. w przypadku zg\u0142oszenia oszustwa &#8211; odpowiednie organy \u015bcigania, ale tak\u017ce w zakresie i w celach przewidzianych przepisami prawa, np. post\u0119powanie audytowe lub kontrolne wobec Administratora, ustawa o przeciwdzia\u0142aniu praniu pieni\u0119dzy.<\/p>\n<p>&nbsp;<\/p>\n<\/div>\n<\/section>\n<section id=\"h6\" class=\"ti\">\n<h2 class=\"tj\">\u00a76 PRZEKAZYWANIE DANYCH POZA EOG<\/h2>\n<div class=\"_1ai tk\">\n<p>Je\u017celi Administrator przekazuje dane osobowe do pa\u0144stwa trzeciego. Dane osobowe mog\u0105 by\u0107 przekazywane poza Europejski Obszar Gospodarczy wy\u0142\u0105cznie na zasadach, o kt\u00f3rych mowa w art. 46 ust. 1 lit. a) RODO. 46, Art. 47 lub 49 RODO. Administrator przekazuje dane osobowe poza EOG tylko wtedy, gdy jest to konieczne i tylko przy zapewnieniu odpowiedniego stopnia ochrony, g\u0142\u00f3wnie poprzez: wsp\u00f3\u0142prac\u0119 z podmiotami przetwarzaj\u0105cymi dane w pa\u0144stwach, w odniesieniu do kt\u00f3rych zosta\u0142a wydana stosowna decyzja Komisji Europejskiej; stosowanie standardowych klauzul umownych wydanych przez Komisj\u0119 Europejsk\u0105; stosowanie wi\u0105\u017c\u0105cych regu\u0142 korporacyjnych zatwierdzonych przez w\u0142a\u015bciwe organy nadzorcze. Administrator zawsze informuje o zamiarze przekazania danych osobowych poza EOG na etapie gromadzenia danych.<\/p>\n<p>&nbsp;<\/p>\n<\/div>\n<\/section>\n<section id=\"h7\" class=\"ti\">\n<h2 class=\"tj\">\u00a77 PROFILOWANIE DANYCH OSOBOWYCH<\/h2>\n<div class=\"_1ai tk\">\n<p>Dane Osobowe s\u0105 przetwarzane w spos\u00f3b zautomatyzowany i obejmuj\u0105 r\u00f3wnie\u017c profilowanie na potrzeby tzw. profilowania zwyk\u0142ego (np. dopasowanie komunikat\u00f3w, baner\u00f3w do zainteresowa\u0144), &#8211; w celu lepszego dostosowania informacji i przekazu marketingowego o Administratorze, jego produktach i us\u0142ugach oraz o podmiotach powi\u0105zanych z Administratorem  [link]. Dok\u0142adamy wszelkich stara\u0144, aby nasze materia\u0142y promocyjne, informacyjne i marketingowe by\u0142y warto\u015bciowe dla osoby, kt\u00f3rej dane dotycz\u0105, dlatego w celu dostosowania informacji marketingowych do indywidualnych preferencji i zainteresowa\u0144 danego Klienta [prezentacja reklam, ofert, promocji (rabat\u00f3w)], opieramy si\u0119 na informacjach dotycz\u0105cych korzystania ze Sklepu Internetowego, np.np. poprzez analiz\u0119 cz\u0119stotliwo\u015bci odwiedzin Sklepu Internetowego lub szczeg\u00f3\u0142\u00f3w dotycz\u0105cych Zam\u00f3wienia, aktywno\u015bci w kana\u0142ach sprzeda\u017cy Administratora (IP komputera, pliki cookies, preferowane opcje zakupowe), zainteresowania ofert\u0105\/newsletterem Administratora lub asortymentem produkt\u00f3w\/us\u0142ug, danych spo\u0142eczno\u015bciowych i demograficznych (np. p\u0142e\u0107, wiek, lokalizacja). Dok\u0142adamy wszelkich stara\u0144, aby informacje uzyskane w wyniku profilowania za pomoc\u0105 zautomatyzowanych system\u00f3w informatycznych stanowi\u0142y podstaw\u0119 do analizy oczekiwa\u0144 Klient\u00f3w i wyznacza\u0142y kierunki dzia\u0142a\u0144 Administratora bez istotnego wp\u0142ywu na decyzje Klient\u00f3w.<\/p>\n<p>&nbsp;<\/p>\n<\/div>\n<\/section>\n<section id=\"h8\" class=\"ti\">\n<h2 class=\"tj\">\u00a78 DOBROWOLNE PODANIE DANYCH OSOBOWYCH<\/h2>\n<div class=\"_1ai tk\">\n<p>Dane osobowe s\u0105 podawane dobrowolnie, ale ich podanie jest niezb\u0119dne do realizacji jednego lub wi\u0119kszej liczby cel\u00f3w przetwarzania danych osobowych okre\u015blonych w \u00a7 4 ust. 1 powy\u017cej, kt\u00f3rych Administrator nie b\u0119dzie m\u00f3g\u0142 zrealizowa\u0107 w przypadku niepodania danych osobowych. W celu unikni\u0119cia w\u0105tpliwo\u015bci, podanie danych w celu przetwarzania \u00a7 4 (1) let. (e) powy\u017cej, jest ca\u0142kowicie dobrowolne i nie utrudni realizacji \u017cadnego z pozosta\u0142ych cel\u00f3w przetwarzania okre\u015blonych w \u00a7 4 (1) powy\u017cej.<\/p>\n<p>&nbsp;<\/p>\n<\/div>\n<\/section>\n<section id=\"h9\" class=\"ti\">\n<h2 class=\"tj\">\u00a79 PRAWA PODMIOTU DANYCH DO OCHRONY DANYCH OSOBOWYCH<\/h2>\n<div class=\"_1ai tk\">\n<p>1. W przypadku ch\u0119ci skorzystania ze swoich praw prosimy o kierowanie wszelkiej korespondencji z wykorzystaniem danych kontaktowych okre\u015blonych w \u00a7 2 powy\u017cej. Jednocze\u015bnie u\u017cytkownik jest proszony o przes\u0142anie nam wszystkich niezb\u0119dnych informacji umo\u017cliwiaj\u0105cych nam jednoznaczn\u0105 identyfikacj\u0119 podmiotu wykonuj\u0105cego swoje prawa.<\/p>\n<p>2. Ka\u017cda osoba, kt\u00f3rej dane Administrator przetwarza, posiada:<\/p>\n<p>a) Prawo do informacji, kt\u00f3re Administrator realizuje poprzez niniejsz\u0105 polityk\u0119, kt\u00f3ra mo\u017ce ulec zmianie wed\u0142ug uznania Administratora,<\/p>\n<p>b) prawo dost\u0119pu do danych osobowych, w tym prawo do uzyskania ich kopii,<\/p>\n<p>c) prawo do \u017c\u0105dania sprostowania danych,<\/p>\n<p>d) prawo do usuni\u0119cia danych osobowych (&#8222;prawo do bycia zapomnianym&#8221;),<\/p>\n<p>e) prawo do \u017c\u0105dania ograniczenia przetwarzania danych osobowych,<\/p>\n<p>f) prawo do przenoszenia danych osobowych do innego administratora, je\u017celi przetwarzanie odbywa si\u0119 na podstawie umowy [art. 6 ust. 1 lit. b) RODO] lub zgody [art. 6 ust. 1 lit. c) RODO]. 6 (1) (a) RODO],<\/p>\n<p>g) prawo do wniesienia sprzeciwu wobec przetwarzania danych osobowych, w szczeg\u00f3lno\u015bci wobec marketingu bezpo\u015bredniego opartego na pkt. (f) Art. 6 (1) RODO. Prawo do wniesienia sprzeciwu wobec przetwarzania danych osobowych w celach opartych na pkt. (f) Art. 6 (1) RODO z przyczyn zwi\u0105zanych ze szczeg\u00f3ln\u0105 sytuacj\u0105,<\/p>\n<p>h) prawo do wniesienia skargi do Prezesa Urz\u0119du Ochrony Danych Osobowych.<\/p>\n<p>i) prawo do wycofania zgody w dowolnym momencie. Wycofanie zgody nie wp\u0142ywa na zgodno\u015b\u0107 z prawem przetwarzania danych opartego na zgodzie przed jej wycofaniem. Zgod\u0119 mo\u017cna wycofa\u0107 w dowolnym momencie bez wp\u0142ywu na zgodno\u015b\u0107 przetwarzania z prawem.<\/p>\n<p>&nbsp;<\/p>\n<\/div>\n<\/section>\n<section id=\"h10\" class=\"ti\"><\/section>\n<section id=\"h20\" class=\"ti\">\n<h2 class=\"tj\"><\/h2>\n<h2 class=\"tj\">\u00a7 10 ZMIANY W POLITYCE PRYWATNO\u015aCI<\/h2>\n<div class=\"_1ai tk\">\n<p>1. Polityka podlega regularnym przegl\u0105dom i w razie potrzeby aktualizacjom. W przypadku aktualizacji Polityki U\u017cytkownik zostanie o tym fakcie nale\u017cycie powiadomiony poprzez wy\u015bwietlenie odpowiedniej informacji lub poczt\u0105 elektroniczn\u0105. W niekt\u00f3rych przypadkach U\u017cytkownik mo\u017ce zosta\u0107 poinformowany z wyprzedzeniem o aktualizacji Polityki, a dalsze korzystanie z us\u0142ug Sklepu Internetowego uznaje si\u0119 za akceptacj\u0119 zaktualizowanej wersji Polityki.<\/p>\n<p>2. U\u017cytkownik, kt\u00f3ry odm\u00f3wi akceptacji warunk\u00f3w korzystania z us\u0142ug Sklepu Internetowego po wej\u015bciu w \u017cycie zmienionej Polityki mo\u017ce zaprzesta\u0107 korzystania z us\u0142ug Sklepu Internetowego.<\/p>\n<\/div>\n<\/section>\n<p>[\/et_pb_text][\/et_pb_column][\/et_pb_row][\/et_pb_section]<\/p>\n","protected":false},"excerpt":{"rendered":"<p>Polityka prywatno\u015bci obowi\u0105zuj\u0105ca od 1 wrze\u015bnia 2022 r. \u00a7 1. POSTANOWIENIA OG\u00d3LNE 1. Administrator i w\u0142a\u015bciciel starsglows.com jest Eco Glow sp. z o. o. z siedzib\u0105 w Rzeszowie, ul. Krynicka 5\/13, 35-505 Rzesz\u00f3w, wpisana do rejestru przedsi\u0119biorc\u00f3w Krajowego Rejestru S\u0105dowego przez S\u0105d Rejonowy w Rzeszowie, pod numerem KRS 0000903115, o kapitale zak\u0142adowym w wysoko\u015bci 5000 [&hellip;]<\/p>\n","protected":false},"author":1,"featured_media":0,"parent":0,"menu_order":0,"comment_status":"closed","ping_status":"closed","template":"","meta":{"_et_pb_use_builder":"on","_et_pb_old_content":"","_et_gb_content_width":"","footnotes":""},"class_list":["post-307922","page","type-page","status-publish","hentry"],"_links":{"self":[{"href":"https:\/\/starsglows.com\/pl\/wp-json\/wp\/v2\/pages\/307922","targetHints":{"allow":["GET"]}}],"collection":[{"href":"https:\/\/starsglows.com\/pl\/wp-json\/wp\/v2\/pages"}],"about":[{"href":"https:\/\/starsglows.com\/pl\/wp-json\/wp\/v2\/types\/page"}],"author":[{"embeddable":true,"href":"https:\/\/starsglows.com\/pl\/wp-json\/wp\/v2\/users\/1"}],"replies":[{"embeddable":true,"href":"https:\/\/starsglows.com\/pl\/wp-json\/wp\/v2\/comments?post=307922"}],"version-history":[{"count":0,"href":"https:\/\/starsglows.com\/pl\/wp-json\/wp\/v2\/pages\/307922\/revisions"}],"wp:attachment":[{"href":"https:\/\/starsglows.com\/pl\/wp-json\/wp\/v2\/media?parent=307922"}],"curies":[{"name":"wp","href":"https:\/\/api.w.org\/{rel}","templated":true}]}}